{"id":243,"date":"2014-12-26T11:56:41","date_gmt":"2014-12-26T11:56:41","guid":{"rendered":"http:\/\/schueler-fuer-tiere-kids.de\/?page_id=243"},"modified":"2017-03-03T08:36:19","modified_gmt":"2017-03-03T08:36:19","slug":"buchtipps","status":"publish","type":"page","link":"https:\/\/schueler-fuer-tiere-kids.de\/?page_id=243","title":{"rendered":"Buchtipps"},"content":{"rendered":"<div id=\"pl-243\"  class=\"panel-layout\" ><div id=\"pg-243-0\"  class=\"panel-grid panel-no-style\" ><div id=\"pgc-243-0-0\"  class=\"panel-grid-cell\" ><div id=\"panel-243-0-0-0\" class=\"so-panel widget widget_text panel-first-child\" data-index=\"0\" ><h3 class=\"widget-title\">Kami und Hasi im Kindergarten<\/h3>\t\t\t<div class=\"textwidget\"><p>In diesem Buch ist alles echt: Zweibeiner, Vierbeiner und auch die Geschichte.<\/p>\n<p>H\u00fcndin Kami liebt ihren Stoffhasen. Und Kinder. Also macht sie sich mit dem Hasen und ihrem Frauchen auf ins ferne Crailsheim. Ein gro\u00dfes Abenteuer, denn sie besucht heute einen Kindergarten. Die Kinder sind m\u00e4chtig aufgeregt und freuen sich wie Bolle auf den tierischen Besuch. Und dann w\u00e4re da ja noch dieser Fotograf, der zwischen allen herumh\u00fcpft oder sich sogar im Sand w\u00e4lzt. Alles nur, um das Abenteuer rundherum von allen Seiten zu fotografieren. <\/p>\n<p>Ein lustiges Kinderbuch mit vielen Fotos und einer spannenden Geschichte. Der Erl\u00f6s dieses sozialen Projekts wird komplett gespendet.<\/p>\n<\/div>\n\t\t<\/div><div id=\"panel-243-0-0-1\" class=\"so-panel widget widget_widget_sp_image widget_sp_image panel-last-child\" data-index=\"1\" ><a href=\"https:\/\/smile.amazon.de\/dp\/374311321X\/ref=sr_1_1?ie=UTF8&#038;qid=1488526215&#038;sr=8-1&#038;keywords=kami+und+hasi\" target=\"_blank\" class=\"widget_sp_image-image-link\"><img loading=\"lazy\" decoding=\"async\" width=\"300\" height=\"400\" alt=\"&gt;&gt;&gt;Hier klicken zum bestellen&lt;&lt;&lt;\" class=\"attachment-full aligncenter\" style=\"max-width: 100%;\" srcset=\"https:\/\/schueler-fuer-tiere-kids.de\/wp-content\/uploads\/2014\/12\/Kami-und-Hasen-300x400.jpg 300w, https:\/\/schueler-fuer-tiere-kids.de\/wp-content\/uploads\/2014\/12\/Kami-und-Hasen-300x400-225x300.jpg 225w\" sizes=\"auto, (max-width: 300px) 100vw, 300px\" src=\"https:\/\/schueler-fuer-tiere-kids.de\/wp-content\/uploads\/2014\/12\/Kami-und-Hasen-300x400.jpg\" \/><\/a><\/div><\/div><\/div><div id=\"pg-243-1\"  class=\"panel-grid panel-no-style\" ><div id=\"pgc-243-1-0\"  class=\"panel-grid-cell\" ><div id=\"panel-243-1-0-0\" class=\"so-panel widget widget_text panel-first-child\" data-index=\"2\" ><h3 class=\"widget-title\">Josef Schaf will auch einen Menschen<\/h3>\t\t\t<div class=\"textwidget\"><p>Kirsten Boie, Philip Waechter<\/p>\n<p>\"Josef Schaf kann ganz sch\u00f6n quengeln. Bald hat er Geburtstag, und da bekniet er lammfromm und bockswild seine Eltern, ihm doch auch einen kleinen s\u00fc\u00dfen Menschen zu schenken. So einen wie Cara Kalb ihn hat oder Heiko Hund oder Sharon Schwein, einen niedlichen Schwarzen oder einen putzigen Eskimo, den man am Kuschelmenschentag in der Schule mitbringen kann und sich nicht mehr sch\u00e4men muss mit seiner alten Stoffpuppe unter dem ganzen lebendigen Gemensch. Und weil Quengeln von Kindern schon seit jeher geholfen hat, schenken Mama und Papa Schaf ihrem Josef einen kleinen Menschen. Keinen Schwarzen und keinen Eskimo zwar, aber einen Wei\u00dfen mit Hut und Anzug, der eigentlich ganz gut erzogen ist - immerhin. Von nun an hei\u00dft es F\u00fcttern und den K\u00e4fig putzen, was auch ganz gut gelingt. Problematisch wird es erst, als Josef glaubt, sein Mensch sei schon genauso zahm wie Heikos Eskimo oder Caras Schwarzer oder Sharons Chinesin. Aber da ist Josefs Mensch schon im Geb\u00fcsch verschwunden und Josef und Mama und Papa und Fuchs und Reh m\u00fcssen gemeinsam nach dem Hausmensch suchen.<\/p>\n<p>In ihrer fantasievollen Geschichte hat Kirsten Boie die Geschichte von Mensch und Tier auf nachdenklich machende Weise umgedreht. Philip Waechter hat alles in seiner gewohnt souver\u00e4nen Art und Weise illustriert. <\/p>\n<p>So ist \"Josef Schaf will auch einen Menschen\" ein intelligentes, am Ende aber auch vers\u00f6hnliches Bilderbuch geworden. Unbedingt empfehlenswert.\" <\/p>\n<p><b>\"Josef Schaf will auch einen Menschen\" wurde von PETA Deutschland e.V. mit dem deutschen PROGRESS-AWARD 2007 als tierfreundlichstes Kinderbuch ausgezeichnet.<\/b><\/p>\n<\/div>\n\t\t<\/div><div id=\"panel-243-1-0-1\" class=\"so-panel widget widget_widget_sp_image widget_sp_image panel-last-child\" data-index=\"3\" ><a href=\"http:\/\/www.oetinger.de\/bilderbuecher-kinderbuecher-sachbuecher\/kirsten-boie\/details\/titel\/3-7891-6339-2\/\/\/\/\/\/Josef%20Schaf%20will%20auch%20einen%20Menschen%20.html\" target=\"_blank\" class=\"widget_sp_image-image-link\"><img loading=\"lazy\" decoding=\"async\" width=\"300\" height=\"400\" alt=\"&gt;&gt;&gt;Hier klicken zum bestellen&lt;&lt;&lt;\" class=\"attachment-full aligncenter\" style=\"max-width: 100%;\" srcset=\"https:\/\/schueler-fuer-tiere-kids.de\/wp-content\/uploads\/2014\/12\/Josef-Schaf-will-auch-einen-Menschen.jpg 300w, https:\/\/schueler-fuer-tiere-kids.de\/wp-content\/uploads\/2014\/12\/Josef-Schaf-will-auch-einen-Menschen-225x300.jpg 225w\" sizes=\"auto, (max-width: 300px) 100vw, 300px\" src=\"https:\/\/schueler-fuer-tiere-kids.de\/wp-content\/uploads\/2014\/12\/Josef-Schaf-will-auch-einen-Menschen.jpg\" \/><\/a><\/div><\/div><\/div><div id=\"pg-243-2\"  class=\"panel-grid panel-no-style\" ><div id=\"pgc-243-2-0\"  class=\"panel-grid-cell\" ><div id=\"panel-243-2-0-0\" class=\"so-panel widget widget_text panel-first-child\" data-index=\"4\" ><h3 class=\"widget-title\">Pooja &#8211; Das Elefantenm\u00e4dchen<\/h3>\t\t\t<div class=\"textwidget\"><p><b>Pooja Marske <\/b><\/p>\n<p>In einem Dschungelreservat in Indien lebt die kleine Pooja oft f\u00fcr Tage und Wochen zusammen mit Elefanten. So vertraut ist sie mit den Dickh\u00e4utern, dass sie mit ihnen im Fluss badet und sich z\u00e4rtlich mit dem R\u00fcssel durchkitzeln l\u00e4sst.<\/p>\n<p>In diesem hinrei\u00dfenden Bildband erz\u00e4hlt das blonde Mogli-M\u00e4dchen von seiner tiefen Freundschaft mit der Elefantendame Shanti. Poojas Eltern haben in faszinierenden Fotos die Erlebnisse ihrer Tochter festgehalten - bewegende Dokumente einer ungew\u00f6hnlichen Freundschaft.<\/p>\n<\/div>\n\t\t<\/div><div id=\"panel-243-2-0-1\" class=\"so-panel widget widget_widget_sp_image widget_sp_image panel-last-child\" data-index=\"5\" ><a href=\"https:\/\/www.amazon.de\/Pooja-Das-Elefantenm%C3%A4dchen-Marske\/dp\/342627406X\" target=\"_blank\" class=\"widget_sp_image-image-link\"><img loading=\"lazy\" decoding=\"async\" width=\"300\" height=\"400\" alt=\"&gt;&gt;&gt;Hier klicken zum bestellen&lt;&lt;&lt;\" class=\"attachment-full aligncenter\" style=\"max-width: 100%;\" srcset=\"https:\/\/schueler-fuer-tiere-kids.de\/wp-content\/uploads\/2014\/12\/Pooja-Das-Elefantenm\u00e4dchen.jpg 300w, https:\/\/schueler-fuer-tiere-kids.de\/wp-content\/uploads\/2014\/12\/Pooja-Das-Elefantenm\u00e4dchen-225x300.jpg 225w\" sizes=\"auto, (max-width: 300px) 100vw, 300px\" src=\"https:\/\/schueler-fuer-tiere-kids.de\/wp-content\/uploads\/2014\/12\/Pooja-Das-Elefantenm\u00e4dchen.jpg\" \/><\/a><\/div><\/div><\/div><div id=\"pg-243-3\"  class=\"panel-grid panel-no-style\" ><div id=\"pgc-243-3-0\"  class=\"panel-grid-cell\" ><div id=\"panel-243-3-0-0\" class=\"so-panel widget widget_text panel-first-child\" data-index=\"6\" ><h3 class=\"widget-title\">Heike B. Tschirner &#8211; Meerschweinchen&#8230; was uns gl\u00fccklich macht!<\/h3>\t\t\t<div class=\"textwidget\"><p>Tierschutz beginnt bereits im Kindesalter. Das Verst\u00e4ndnis f\u00fcr, sowie der Respekt vor einem Tier sollte gef\u00f6rdert werden. Tiere sind wertvolle Lebewesen mit Bed\u00fcrfnissen \u2013 genau wie wir.<\/p>\n<p>Dieses bezaubernde Buch wurde aus der Sicht einer \u00fcber 10 Jahre alten Meerschweinchen-Dame, namens \u201eLady Cindy\u201c, geschrieben. Sie ist die \u201eBotschafterin der Meerschweinchen\u201c und erz\u00e4hlt, was sich die Meerschweinchen vom Leben bei ihren Menschen w\u00fcnschen, um gl\u00fccklich zu sein, und dass es ihnen somit in der Zukunft besser bei den Menschen geht.<\/p>\n<p>Ein LERNBUCH \u00fcber Haltung, Ern\u00e4hrung und Gesunderhaltung f\u00fcr Kinder ab 4 Jahren\/Jugendliche und junggebliebene Erwachsene.<\/p>\n<p>Hinter jedem Kapitel befindet sich ein Lernteil mit Fragen \u00fcber das Gelesene.<\/p>\n<\/div>\n\t\t<\/div><div id=\"panel-243-3-0-1\" class=\"so-panel widget widget_widget_sp_image widget_sp_image panel-last-child\" data-index=\"7\" ><a href=\"https:\/\/www.amazon.de\/Meerschweinchen-was-uns-gl%C3%BCcklich-macht\/dp\/3942802848\" target=\"_blank\" class=\"widget_sp_image-image-link\"><img loading=\"lazy\" decoding=\"async\" width=\"300\" height=\"400\" alt=\"&gt;&gt;&gt;Hier klicken zum bestellen\" class=\"attachment-full aligncenter\" style=\"max-width: 100%;\" srcset=\"https:\/\/schueler-fuer-tiere-kids.de\/wp-content\/uploads\/2014\/12\/Meerschweinchen\u2026-was-uns-gl\u00fccklich-macht.jpg 300w, https:\/\/schueler-fuer-tiere-kids.de\/wp-content\/uploads\/2014\/12\/Meerschweinchen\u2026-was-uns-gl\u00fccklich-macht-225x300.jpg 225w\" sizes=\"auto, (max-width: 300px) 100vw, 300px\" src=\"https:\/\/schueler-fuer-tiere-kids.de\/wp-content\/uploads\/2014\/12\/Meerschweinchen\u2026-was-uns-gl\u00fccklich-macht.jpg\" \/><\/a><\/div><\/div><\/div><\/div>","protected":false},"excerpt":{"rendered":"<p>In diesem Buch ist alles echt: Zweibeiner, Vierbeiner und auch die Geschichte. H\u00fcndin Kami liebt ihren Stoffhasen. Und Kinder. Also macht sie sich mit dem Hasen und ihrem Frauchen auf ins ferne Crailsheim. Ein gro\u00dfes Abenteuer, denn sie besucht heute einen Kindergarten. Die Kinder sind m\u00e4chtig aufgeregt und freuen sich wie Bolle auf den tierischen [&hellip;]<\/p>\n","protected":false},"author":1,"featured_media":0,"parent":0,"menu_order":0,"comment_status":"closed","ping_status":"closed","template":"","meta":{"ngg_post_thumbnail":0,"footnotes":""},"class_list":["post-243","page","type-page","status-publish","hentry"],"_links":{"self":[{"href":"https:\/\/schueler-fuer-tiere-kids.de\/index.php?rest_route=\/wp\/v2\/pages\/243","targetHints":{"allow":["GET"]}}],"collection":[{"href":"https:\/\/schueler-fuer-tiere-kids.de\/index.php?rest_route=\/wp\/v2\/pages"}],"about":[{"href":"https:\/\/schueler-fuer-tiere-kids.de\/index.php?rest_route=\/wp\/v2\/types\/page"}],"author":[{"embeddable":true,"href":"https:\/\/schueler-fuer-tiere-kids.de\/index.php?rest_route=\/wp\/v2\/users\/1"}],"replies":[{"embeddable":true,"href":"https:\/\/schueler-fuer-tiere-kids.de\/index.php?rest_route=%2Fwp%2Fv2%2Fcomments&post=243"}],"version-history":[{"count":22,"href":"https:\/\/schueler-fuer-tiere-kids.de\/index.php?rest_route=\/wp\/v2\/pages\/243\/revisions"}],"predecessor-version":[{"id":3850,"href":"https:\/\/schueler-fuer-tiere-kids.de\/index.php?rest_route=\/wp\/v2\/pages\/243\/revisions\/3850"}],"wp:attachment":[{"href":"https:\/\/schueler-fuer-tiere-kids.de\/index.php?rest_route=%2Fwp%2Fv2%2Fmedia&parent=243"}],"curies":[{"name":"wp","href":"https:\/\/api.w.org\/{rel}","templated":true}]}}