{"id":432,"date":"2015-10-28T12:24:21","date_gmt":"2015-10-28T12:24:21","guid":{"rendered":"http:\/\/schueler-fuer-tiere-kids.de\/?page_id=432"},"modified":"2015-10-28T13:20:31","modified_gmt":"2015-10-28T13:20:31","slug":"von-schuelern","status":"publish","type":"page","link":"https:\/\/schueler-fuer-tiere-kids.de\/?page_id=432","title":{"rendered":"von Sch\u00fclern"},"content":{"rendered":"<div id=\"pl-432\"  class=\"panel-layout\" ><div id=\"pg-432-0\"  class=\"panel-grid panel-no-style\" ><div id=\"pgc-432-0-0\"  class=\"panel-grid-cell\" ><div id=\"panel-432-0-0-0\" class=\"so-panel widget widget_text panel-first-child panel-last-child\" data-index=\"0\" >\t\t\t<div class=\"textwidget\"><p>Hier findet ihr Reden die unsere Sch\u00fcler f\u00fcr Tiere Aktiven schon in der \u00d6ffentlichkeit gehalten haben.<\/p>\n<p>Nicht immer ist die Qualit\u00e4t perfekt - aber wir arbeiten daran!<\/p>\n<p>Wenn ihr auf die Bilder klickt \u00f6ffnet sich das Video<\/p>\n<\/div>\n\t\t<\/div><\/div><\/div><div id=\"pg-432-1\"  class=\"panel-grid panel-no-style\" ><div id=\"pgc-432-1-0\"  class=\"panel-grid-cell\" ><div id=\"panel-432-1-0-0\" class=\"so-panel widget widget_widget_sp_image widget_sp_image panel-first-child\" data-index=\"1\" ><h3 class=\"widget-title\">Elena Light the sky 2014<\/h3><a href=\"https:\/\/www.youtube.com\/watch?v=uLr58W3ST-c\" target=\"_self\" class=\"widget_sp_image-image-link\" title=\"Elena Light the sky 2014\"><img loading=\"lazy\" decoding=\"async\" width=\"150\" height=\"150\" alt=\"Elena Light the sky 2014\" class=\"attachment-thumbnail\" style=\"max-width: 100%;\" srcset=\"https:\/\/schueler-fuer-tiere-kids.de\/wp-content\/uploads\/2014\/12\/candle-161233_640-2-150x150.jpg 150w, https:\/\/schueler-fuer-tiere-kids.de\/wp-content\/uploads\/2014\/12\/candle-161233_640-2-146x146.jpg 146w\" sizes=\"auto, (max-width: 150px) 100vw, 150px\" src=\"https:\/\/schueler-fuer-tiere-kids.de\/wp-content\/uploads\/2014\/12\/candle-161233_640-2-150x150.jpg\" \/><\/a><\/div><div id=\"panel-432-1-0-1\" class=\"so-panel widget widget_widget_sp_image widget_sp_image panel-last-child\" data-index=\"2\" ><h3 class=\"widget-title\">Adrian Hochwasser 2013<\/h3><a href=\"https:\/\/www.youtube.com\/watch?v=PDj6Rq6lJc4\" target=\"_blank\" class=\"widget_sp_image-image-link\" title=\"Adrian Hochwasser 2013\"><img loading=\"lazy\" decoding=\"async\" width=\"150\" height=\"150\" alt=\"Adrian Hochwasser 2013\" class=\"attachment-thumbnail\" style=\"max-width: 100%;\" srcset=\"https:\/\/schueler-fuer-tiere-kids.de\/wp-content\/uploads\/2015\/10\/boy-311657_640-150x150.jpg 150w, https:\/\/schueler-fuer-tiere-kids.de\/wp-content\/uploads\/2015\/10\/boy-311657_640-146x146.jpg 146w\" sizes=\"auto, (max-width: 150px) 100vw, 150px\" src=\"https:\/\/schueler-fuer-tiere-kids.de\/wp-content\/uploads\/2015\/10\/boy-311657_640-150x150.jpg\" \/><\/a><\/div><\/div><div id=\"pgc-432-1-1\"  class=\"panel-grid-cell\" ><div id=\"panel-432-1-1-0\" class=\"so-panel widget widget_widget_sp_image widget_sp_image panel-first-child panel-last-child\" data-index=\"3\" ><h3 class=\"widget-title\">Moritz Tierversuche 2014<\/h3><a href=\"https:\/\/www.youtube.com\/watch?v=DZ7ZnPorks4\" target=\"_blank\" class=\"widget_sp_image-image-link\" title=\"Moritz Tierversuche 2014\"><img loading=\"lazy\" decoding=\"async\" width=\"150\" height=\"150\" alt=\"Moritz Tierversuche 2014\" class=\"attachment-thumbnail\" style=\"max-width: 100%;\" srcset=\"https:\/\/schueler-fuer-tiere-kids.de\/wp-content\/uploads\/2014\/12\/anti-tierversuche2-150x150.gif 150w, https:\/\/schueler-fuer-tiere-kids.de\/wp-content\/uploads\/2014\/12\/anti-tierversuche2-146x146.gif 146w\" sizes=\"auto, (max-width: 150px) 100vw, 150px\" src=\"https:\/\/schueler-fuer-tiere-kids.de\/wp-content\/uploads\/2014\/12\/anti-tierversuche2-150x150.gif\" \/><\/a><\/div><\/div><div id=\"pgc-432-1-2\"  class=\"panel-grid-cell\" ><div id=\"panel-432-1-2-0\" class=\"so-panel widget widget_widget_sp_image widget_sp_image panel-first-child\" data-index=\"4\" ><h3 class=\"widget-title\">Elena Stra\u00dfenhunde 2014<\/h3><a href=\"https:\/\/www.youtube.com\/watch?v=_TQySLCTzE4\" target=\"_blank\" class=\"widget_sp_image-image-link\" title=\"Elena Stra\u00dfenhunde 2014\"><img loading=\"lazy\" decoding=\"async\" width=\"150\" height=\"150\" alt=\"Elena Stra\u00dfenhunde 2014\" class=\"attachment-thumbnail\" style=\"max-width: 100%;\" srcset=\"https:\/\/schueler-fuer-tiere-kids.de\/wp-content\/uploads\/2015\/10\/english-733876_640-150x150.jpg 150w, https:\/\/schueler-fuer-tiere-kids.de\/wp-content\/uploads\/2015\/10\/english-733876_640-146x146.jpg 146w\" sizes=\"auto, (max-width: 150px) 100vw, 150px\" src=\"https:\/\/schueler-fuer-tiere-kids.de\/wp-content\/uploads\/2015\/10\/english-733876_640-150x150.jpg\" \/><\/a><\/div><div id=\"panel-432-1-2-1\" class=\"so-panel widget widget_widget_sp_image widget_sp_image panel-last-child\" data-index=\"5\" ><h3 class=\"widget-title\">Jaqueline Interview 2008<\/h3><a href=\"https:\/\/www.youtube.com\/watch?v=tBFSyJpM00c\" target=\"_self\" class=\"widget_sp_image-image-link\" title=\"Jaqueline Interview 2008\"><img loading=\"lazy\" decoding=\"async\" width=\"150\" height=\"150\" alt=\"Jaqueline Interview 2008\" class=\"attachment-thumbnail\" style=\"max-width: 100%;\" srcset=\"https:\/\/schueler-fuer-tiere-kids.de\/wp-content\/uploads\/2014\/12\/superhero-40908_640-150x150.jpg 150w, https:\/\/schueler-fuer-tiere-kids.de\/wp-content\/uploads\/2014\/12\/superhero-40908_640-146x146.jpg 146w\" sizes=\"auto, (max-width: 150px) 100vw, 150px\" src=\"https:\/\/schueler-fuer-tiere-kids.de\/wp-content\/uploads\/2014\/12\/superhero-40908_640-150x150.jpg\" \/><\/a><\/div><\/div><\/div><\/div>","protected":false},"excerpt":{"rendered":"<p>Hier findet ihr Reden die unsere Sch\u00fcler f\u00fcr Tiere Aktiven schon in der \u00d6ffentlichkeit gehalten haben. Nicht immer ist die Qualit\u00e4t perfekt &#8211; aber wir arbeiten daran! Wenn ihr auf die Bilder klickt \u00f6ffnet sich das Video<\/p>\n","protected":false},"author":5,"featured_media":0,"parent":0,"menu_order":0,"comment_status":"closed","ping_status":"closed","template":"","meta":{"ngg_post_thumbnail":0,"footnotes":""},"class_list":["post-432","page","type-page","status-publish","hentry"],"_links":{"self":[{"href":"https:\/\/schueler-fuer-tiere-kids.de\/index.php?rest_route=\/wp\/v2\/pages\/432","targetHints":{"allow":["GET"]}}],"collection":[{"href":"https:\/\/schueler-fuer-tiere-kids.de\/index.php?rest_route=\/wp\/v2\/pages"}],"about":[{"href":"https:\/\/schueler-fuer-tiere-kids.de\/index.php?rest_route=\/wp\/v2\/types\/page"}],"author":[{"embeddable":true,"href":"https:\/\/schueler-fuer-tiere-kids.de\/index.php?rest_route=\/wp\/v2\/users\/5"}],"replies":[{"embeddable":true,"href":"https:\/\/schueler-fuer-tiere-kids.de\/index.php?rest_route=%2Fwp%2Fv2%2Fcomments&post=432"}],"version-history":[{"count":13,"href":"https:\/\/schueler-fuer-tiere-kids.de\/index.php?rest_route=\/wp\/v2\/pages\/432\/revisions"}],"predecessor-version":[{"id":467,"href":"https:\/\/schueler-fuer-tiere-kids.de\/index.php?rest_route=\/wp\/v2\/pages\/432\/revisions\/467"}],"wp:attachment":[{"href":"https:\/\/schueler-fuer-tiere-kids.de\/index.php?rest_route=%2Fwp%2Fv2%2Fmedia&parent=432"}],"curies":[{"name":"wp","href":"https:\/\/api.w.org\/{rel}","templated":true}]}}