{"id":918,"date":"2016-02-24T14:45:08","date_gmt":"2016-02-24T14:45:08","guid":{"rendered":"http:\/\/schueler-fuer-tiere-kids.de\/?page_id=918"},"modified":"2016-02-24T15:02:02","modified_gmt":"2016-02-24T15:02:02","slug":"warum-kann-man-kinder-manchmal-mit-gefaengniswaertern-vergleichen","status":"publish","type":"page","link":"https:\/\/schueler-fuer-tiere-kids.de\/?page_id=918","title":{"rendered":"Warum kann man Kinder manchmal mit \u201eGef\u00e4ngnisw\u00e4rtern\u201c vergleichen?"},"content":{"rendered":"<p>Weil sie ihre Tiere oft<br \/>\n&#8211; in viel zu kleinen K\u00e4figen ohne Auslauf halten,<br \/>\n&#8211; sie bekommen meist ungeeignetes Futter<br \/>\n&#8211; sie werden oft alleine<br \/>\n&#8211; oder mit dem falschen Partner gehalten (z. B.: Kaninchen &#038; Meerschweinchen, Wellensittich &#038; ein Spiegel, &#8230;) <\/p>\n<p><strong>Zum Beispiel:<\/strong><\/p>\n<p>Alle in K\u00e4figen gehaltenen V\u00f6gel stammen entweder aus Wildf\u00e4ngen oder wurden in Gefangenschaft gez\u00fcchtet. In der Wildnis leben diese wundervollen Gesch\u00f6pfe nie alleine und wenn sie von ihrem Schwarm getrennt werden, selbst nur f\u00fcr einen Moment, rufen sie aufgeregt nach ihren Kumpanen. Diese sozialen Tiere putzen sich gegenseitig, fliegen und spielen miteinander und teilen sich auch die Pflichten des Eierausbr\u00fctens. Viele Vogelarten bleiben ein Leben lang mit ihrem Partner zusammen und teilen sich die Aufzucht der Jungen. In der Wildnis suchen sich viele V\u00f6gel keinen neuen Lebenspartner, wenn sie den ersten verloren haben. Das Leben in Gefangenschaft bedeutet f\u00fcr V\u00f6gel oft die Todesstrafe, denn sie k\u00f6nnen an falscher Ern\u00e4hrung, Einsamkeit und dem Stress der Beengtheit und des Eingesperrtsein in einer unpassenden Umgebung leiden. V\u00f6gel sollten fliegen und mit anderen ihrer Art in einer nat\u00fcrlichen Umgebung zusammen sein. V\u00f6gel werden h\u00e4ufiger als jedes andere Tier geschmuggelt. Vor ihrem Versand werden viele V\u00f6gel zwangsgef\u00fcttert, bekommen Fl\u00fcgel gestutzt und die Schn\u00e4bel mit Klebeband zugebunden. Dann stopft man sie in alles M\u00f6gliche, vom Ersatzrad bis zum Koffer, um sie zu verstecken. Und so erstaunt es auch nicht, dass bis zu 80 Prozent der V\u00f6gel w\u00e4hrend des Transports sterben. V\u00f6gel, die der Wildnis entnommen wurden, stellen au\u00dferdem ein Gesundheitsrisiko dar, sowohl f\u00fcr den Menschen als auch f\u00fcr andere Haustiere. Papageien k\u00f6nnen den Psittakose Virus auf Menschen \u00fcbertragen, der t\u00f6dlich sein kann. Doch in Gefangenschaft gez\u00fcchteten V\u00f6geln ergeht es kaum besser. V\u00f6gel, die \u00e4lter als 8 bzw. 10 Wochen sind, verkaufen sich in Zoohandlungen schlecht, daher werden viele nur noch zur Zucht gehalten und sind dazu verurteilt, ihr gesamtes restliches Leben in winzigen K\u00e4figen zuzubringen.<\/p>\n<p><strong>Wenn du V\u00f6gel liebst, setz dich mit einer Vogel-Rettungsgruppe in deiner N\u00e4he in Verbindung um zu erfahren, wie du einen misshandelten oder vernachl\u00e4ssigten Vogel in Pflege nehmen oder adoptieren kannst. <\/strong><\/p>\n<p><strong>Handels\u00fcbliche K\u00e4fige <\/strong><\/p>\n<p>Die K\u00e4fige, die der Handel anbietet sind h\u00e4ufig viel zu klein und alles andere als artgerecht. <\/p>\n<p><strong>Mehr Infos zu <\/strong><\/p>\n<p><em>Kaninchenhaltung:<\/em><br \/>\n<a href=\"http:\/\/www.freilaufkaninchen.de\/index.html\" target=\"_blank\">www.freilaufkaninchen.de\/index.html<\/a><\/p>\n<p><em>Meerschweinchen:<\/em><br \/>\n<a href=\"http:\/\/www.sos-meerschweinchen.de\/\" target=\"_blank\">www.sos-meerschweinchen.de\/ <\/a> <\/p>\n<p><em>verschiedenen Nagern :<\/em><br \/>\n<a href=\"http:\/\/www.diebrain.de\/\" target=\"_blank\">http:\/\/www.diebrain.de\/ <\/a> <\/p>\n<p><em>Heimtieren:<\/em><br \/>\n<a href=\"http:\/\/www.petakids.de\/kategorie\/tierische_freunde\/\" target=\"_blank\">http:\/\/www.petakids.de\/kategorie\/tierische_freunde\/<\/a><\/p>\n","protected":false},"excerpt":{"rendered":"<p>Weil sie ihre Tiere oft &#8211; in viel zu kleinen K\u00e4figen ohne Auslauf halten, &#8211; sie bekommen meist ungeeignetes Futter &#8211; sie werden oft alleine &#8211; oder mit dem falschen Partner gehalten (z. B.: Kaninchen &#038; Meerschweinchen, Wellensittich &#038; ein Spiegel, &#8230;) Zum Beispiel: Alle in K\u00e4figen gehaltenen V\u00f6gel stammen entweder aus Wildf\u00e4ngen oder wurden [&hellip;]<\/p>\n","protected":false},"author":5,"featured_media":0,"parent":0,"menu_order":0,"comment_status":"closed","ping_status":"closed","template":"","meta":{"ngg_post_thumbnail":0,"footnotes":""},"class_list":["post-918","page","type-page","status-publish","hentry"],"_links":{"self":[{"href":"https:\/\/schueler-fuer-tiere-kids.de\/index.php?rest_route=\/wp\/v2\/pages\/918","targetHints":{"allow":["GET"]}}],"collection":[{"href":"https:\/\/schueler-fuer-tiere-kids.de\/index.php?rest_route=\/wp\/v2\/pages"}],"about":[{"href":"https:\/\/schueler-fuer-tiere-kids.de\/index.php?rest_route=\/wp\/v2\/types\/page"}],"author":[{"embeddable":true,"href":"https:\/\/schueler-fuer-tiere-kids.de\/index.php?rest_route=\/wp\/v2\/users\/5"}],"replies":[{"embeddable":true,"href":"https:\/\/schueler-fuer-tiere-kids.de\/index.php?rest_route=%2Fwp%2Fv2%2Fcomments&post=918"}],"version-history":[{"count":3,"href":"https:\/\/schueler-fuer-tiere-kids.de\/index.php?rest_route=\/wp\/v2\/pages\/918\/revisions"}],"predecessor-version":[{"id":927,"href":"https:\/\/schueler-fuer-tiere-kids.de\/index.php?rest_route=\/wp\/v2\/pages\/918\/revisions\/927"}],"wp:attachment":[{"href":"https:\/\/schueler-fuer-tiere-kids.de\/index.php?rest_route=%2Fwp%2Fv2%2Fmedia&parent=918"}],"curies":[{"name":"wp","href":"https:\/\/api.w.org\/{rel}","templated":true}]}}