{"id":948,"date":"2016-02-24T15:22:52","date_gmt":"2016-02-24T15:22:52","guid":{"rendered":"http:\/\/schueler-fuer-tiere-kids.de\/?page_id=948"},"modified":"2016-02-24T15:22:52","modified_gmt":"2016-02-24T15:22:52","slug":"welche-tiere-leiden-stumm","status":"publish","type":"page","link":"https:\/\/schueler-fuer-tiere-kids.de\/?page_id=948","title":{"rendered":"Welche Tiere leiden stumm?"},"content":{"rendered":"<p><strong>Fische f\u00fchlen Schmerzen und geben keinen Ton von sich&#8230;<\/strong><\/p>\n<p>&#8222;Obwohl Fische nicht schreien, wenn sie Schmerzen und Angst haben, sollte ihr Verhalten Beweis genug f\u00fcr ihr Leid sein, wenn sie mit dem Haken aufgespie\u00dft oder im Netz gefangen werden. Sie k\u00e4mpfen, um zu fliehen, und zeigen damit, dass sie einen \u00dcberlebenswillen haben. &#8230;&#8220;<\/p>\n<p>&#8222;Es mag noch immer Menschen geben, die argumentieren, wir k\u00f6nnten nicht zweifelsfrei beweisen, dass irgendein Wirbeltier au\u00dfer dem Menschen Schmerz empfindet. Wir schlussfolgern jedoch, dass, wenn auch nur irgendeines dazu in der Lage ist, die Beweislage nahe legt, dass alle Wirbeltiere (einschlie\u00dflich Fischen) als Reaktion auf sch\u00e4dliche Reize &#8230; \u00e4hnliche Empfindungen in gr\u00f6\u00dferem oder kleinerem Ma\u00dfe haben. &#8230;&#8220;<\/p>\n<p>&#8222;Jeder Haken verursacht Gewebesch\u00e4den, wenn er einsticht, und f\u00fcgt dem Tier damit medizinisch gesehen eine Verletzung zu. &#8230;&#8220;<\/p>\n<p><strong>Leserbrief zum Angeln&#8230;<\/strong><br \/>\nsiehe auch<br \/>\n<a href=\"http:\/\/www.peta.de\/web\/fische_fuehlen.522.html\" target=\"_blank\">www.peta.de\/web\/fische_fuehlen.522.html  <\/a><\/p>\n<p><strong>&#8230; aber welche Tiere leiden auch noch &#8222;stumm&#8220;: <\/strong><br \/>\n\u2022  der Regenwurm<br \/>\n\u2022  die Nacktschnecke<br \/>\n\u2022  und viele andere <\/p>\n<p><strong>Wie kannst DU diesen Tieren helfen? <\/strong><br \/>\nschau mal zum Beispiel hier:<br \/>\n<a href=\"http:\/\/www.youtube.com\/fielmannwerbung_regenwurm\" target=\"_blank\">www.youtube.com\/fielmannwerbung_regenwurm  <\/a><\/p>\n","protected":false},"excerpt":{"rendered":"<p>Fische f\u00fchlen Schmerzen und geben keinen Ton von sich&#8230; &#8222;Obwohl Fische nicht schreien, wenn sie Schmerzen und Angst haben, sollte ihr Verhalten Beweis genug f\u00fcr ihr Leid sein, wenn sie mit dem Haken aufgespie\u00dft oder im Netz gefangen werden. Sie k\u00e4mpfen, um zu fliehen, und zeigen damit, dass sie einen \u00dcberlebenswillen haben. &#8230;&#8220; &#8222;Es mag [&hellip;]<\/p>\n","protected":false},"author":5,"featured_media":0,"parent":0,"menu_order":0,"comment_status":"closed","ping_status":"closed","template":"","meta":{"ngg_post_thumbnail":0,"footnotes":""},"class_list":["post-948","page","type-page","status-publish","hentry"],"_links":{"self":[{"href":"https:\/\/schueler-fuer-tiere-kids.de\/index.php?rest_route=\/wp\/v2\/pages\/948","targetHints":{"allow":["GET"]}}],"collection":[{"href":"https:\/\/schueler-fuer-tiere-kids.de\/index.php?rest_route=\/wp\/v2\/pages"}],"about":[{"href":"https:\/\/schueler-fuer-tiere-kids.de\/index.php?rest_route=\/wp\/v2\/types\/page"}],"author":[{"embeddable":true,"href":"https:\/\/schueler-fuer-tiere-kids.de\/index.php?rest_route=\/wp\/v2\/users\/5"}],"replies":[{"embeddable":true,"href":"https:\/\/schueler-fuer-tiere-kids.de\/index.php?rest_route=%2Fwp%2Fv2%2Fcomments&post=948"}],"version-history":[{"count":1,"href":"https:\/\/schueler-fuer-tiere-kids.de\/index.php?rest_route=\/wp\/v2\/pages\/948\/revisions"}],"predecessor-version":[{"id":949,"href":"https:\/\/schueler-fuer-tiere-kids.de\/index.php?rest_route=\/wp\/v2\/pages\/948\/revisions\/949"}],"wp:attachment":[{"href":"https:\/\/schueler-fuer-tiere-kids.de\/index.php?rest_route=%2Fwp%2Fv2%2Fmedia&parent=948"}],"curies":[{"name":"wp","href":"https:\/\/api.w.org\/{rel}","templated":true}]}}